{"id":2451,"date":"2023-05-23T10:20:48","date_gmt":"2023-05-23T13:20:48","guid":{"rendered":"https:\/\/banrisul.centralesg.com.br\/frameworks-standards\/"},"modified":"2023-08-28T16:52:23","modified_gmt":"2023-08-28T19:52:23","slug":"frameworks-standards","status":"publish","type":"page","link":"http:\/\/banrisul.centralesg.com.br\/en\/frameworks-standards\/","title":{"rendered":"Frameworks &#038; Standards"},"content":{"rendered":"\n<p>Al\u00e9m dos padr\u00f5es determinados pela GRI, optou-se por incorporar indicadores SASB (Sustainability Accounting Standards Board) espec\u00edficos para o setor de bancos (<em>Commercial Banks<\/em>). O SASB tem como objetivo manter padr\u00f5es de reporte para setores espec\u00edficos, buscando equalizar o reporte de dados financeiros e de sustentabilidade.<\/p>\n\n\n\n<p>O uso de indicadores SASB confere mais credibilidade ao relat\u00f3rio e devido a isso, o Banrisul incorporou alguns destes indicadores em seu reporte. Os indicadores SASB podem ser buscados na\u00a0<a href=\"https:\/\/banrisul.centralesg.com.br\/lista-de-indicadores\/\">p\u00e1gina de Indicadores<\/a>.<\/p>\n","protected":false},"excerpt":{"rendered":"<p>Al\u00e9m dos padr\u00f5es determinados pela GRI, optou-se por incorporar indicadores SASB (Sustainability Accounting Standards Board) espec\u00edficos para o setor de bancos (Commercial Banks). O SASB tem como objetivo manter padr\u00f5es de reporte para setores espec\u00edficos, buscando equalizar o reporte de dados financeiros e de sustentabilidade. O uso de indicadores SASB confere mais credibilidade ao relat\u00f3rio [&hellip;]<\/p>\n","protected":false},"author":1,"featured_media":0,"parent":0,"menu_order":0,"comment_status":"closed","ping_status":"closed","template":"","meta":{"inline_featured_image":false,"footnotes":""},"class_list":["post-2451","page","type-page","status-publish","hentry"],"acf":[],"yoast_head":"<!-- This site is optimized with the Yoast SEO plugin v26.1.1 - https:\/\/yoast.com\/wordpress\/plugins\/seo\/ -->\n<title>Frameworks &amp; Standards - Banrisul<\/title>\n<meta name=\"robots\" content=\"noindex, follow, max-snippet:-1, max-image-preview:large, max-video-preview:-1\" \/>\n<meta property=\"og:locale\" content=\"en_US\" \/>\n<meta property=\"og:type\" content=\"article\" \/>\n<meta property=\"og:title\" content=\"Frameworks &amp; Standards - Banrisul\" \/>\n<meta property=\"og:description\" content=\"Al\u00e9m dos padr\u00f5es determinados pela GRI, optou-se por incorporar indicadores SASB (Sustainability Accounting Standards Board) espec\u00edficos para o setor de bancos (Commercial Banks). O SASB tem como objetivo manter padr\u00f5es de reporte para setores espec\u00edficos, buscando equalizar o reporte de dados financeiros e de sustentabilidade. O uso de indicadores SASB confere mais credibilidade ao relat\u00f3rio [&hellip;]\" \/>\n<meta property=\"og:url\" content=\"http:\/\/banrisul.centralesg.com.br\/en\/frameworks-standards\/\" \/>\n<meta property=\"og:site_name\" content=\"Banrisul\" \/>\n<meta property=\"article:modified_time\" content=\"2023-08-28T19:52:23+00:00\" \/>\n<meta name=\"twitter:card\" content=\"summary_large_image\" \/>\n<meta name=\"twitter:label1\" content=\"Est. reading time\" \/>\n\t<meta name=\"twitter:data1\" content=\"1 minute\" \/>\n<script type=\"application\/ld+json\" class=\"yoast-schema-graph\">{\"@context\":\"https:\/\/schema.org\",\"@graph\":[{\"@type\":\"WebPage\",\"@id\":\"http:\/\/banrisul.centralesg.com.br\/en\/frameworks-standards\/\",\"url\":\"http:\/\/banrisul.centralesg.com.br\/en\/frameworks-standards\/\",\"name\":\"Frameworks & Standards - Banrisul\",\"isPartOf\":{\"@id\":\"https:\/\/banrisul.centralesg.com.br\/en\/#website\"},\"datePublished\":\"2023-05-23T13:20:48+00:00\",\"dateModified\":\"2023-08-28T19:52:23+00:00\",\"breadcrumb\":{\"@id\":\"http:\/\/banrisul.centralesg.com.br\/en\/frameworks-standards\/#breadcrumb\"},\"inLanguage\":\"en-US\",\"potentialAction\":[{\"@type\":\"ReadAction\",\"target\":[\"http:\/\/banrisul.centralesg.com.br\/en\/frameworks-standards\/\"]}]},{\"@type\":\"BreadcrumbList\",\"@id\":\"http:\/\/banrisul.centralesg.com.br\/en\/frameworks-standards\/#breadcrumb\",\"itemListElement\":[{\"@type\":\"ListItem\",\"position\":1,\"name\":\"In\u00edcio\",\"item\":\"https:\/\/banrisul.centralesg.com.br\/en\/\"},{\"@type\":\"ListItem\",\"position\":2,\"name\":\"Frameworks &#038; Standards\"}]},{\"@type\":\"WebSite\",\"@id\":\"https:\/\/banrisul.centralesg.com.br\/en\/#website\",\"url\":\"https:\/\/banrisul.centralesg.com.br\/en\/\",\"name\":\"Banrisul\",\"description\":\"Indicator Center\",\"publisher\":{\"@id\":\"https:\/\/banrisul.centralesg.com.br\/en\/#organization\"},\"potentialAction\":[{\"@type\":\"SearchAction\",\"target\":{\"@type\":\"EntryPoint\",\"urlTemplate\":\"https:\/\/banrisul.centralesg.com.br\/en\/?s={search_term_string}\"},\"query-input\":{\"@type\":\"PropertyValueSpecification\",\"valueRequired\":true,\"valueName\":\"search_term_string\"}}],\"inLanguage\":\"en-US\"},{\"@type\":\"Organization\",\"@id\":\"https:\/\/banrisul.centralesg.com.br\/en\/#organization\",\"name\":\"Banrisul\",\"url\":\"https:\/\/banrisul.centralesg.com.br\/en\/\",\"logo\":{\"@type\":\"ImageObject\",\"inLanguage\":\"en-US\",\"@id\":\"https:\/\/banrisul.centralesg.com.br\/en\/#\/schema\/logo\/image\/\",\"url\":\"http:\/\/banrisul.centralesg.com.br\/wp-content\/uploads\/2023\/08\/banrisul-logotipo-principal.svg\",\"contentUrl\":\"http:\/\/banrisul.centralesg.com.br\/wp-content\/uploads\/2023\/08\/banrisul-logotipo-principal.svg\",\"width\":145,\"height\":28,\"caption\":\"Banrisul\"},\"image\":{\"@id\":\"https:\/\/banrisul.centralesg.com.br\/en\/#\/schema\/logo\/image\/\"}}]}<\/script>\n<!-- \/ Yoast SEO plugin. -->","yoast_head_json":{"title":"Frameworks & Standards - Banrisul","robots":{"index":"noindex","follow":"follow","max-snippet":"max-snippet:-1","max-image-preview":"max-image-preview:large","max-video-preview":"max-video-preview:-1"},"og_locale":"en_US","og_type":"article","og_title":"Frameworks & Standards - Banrisul","og_description":"Al\u00e9m dos padr\u00f5es determinados pela GRI, optou-se por incorporar indicadores SASB (Sustainability Accounting Standards Board) espec\u00edficos para o setor de bancos (Commercial Banks). O SASB tem como objetivo manter padr\u00f5es de reporte para setores espec\u00edficos, buscando equalizar o reporte de dados financeiros e de sustentabilidade. O uso de indicadores SASB confere mais credibilidade ao relat\u00f3rio [&hellip;]","og_url":"http:\/\/banrisul.centralesg.com.br\/en\/frameworks-standards\/","og_site_name":"Banrisul","article_modified_time":"2023-08-28T19:52:23+00:00","twitter_card":"summary_large_image","twitter_misc":{"Est. reading time":"1 minute"},"schema":{"@context":"https:\/\/schema.org","@graph":[{"@type":"WebPage","@id":"http:\/\/banrisul.centralesg.com.br\/en\/frameworks-standards\/","url":"http:\/\/banrisul.centralesg.com.br\/en\/frameworks-standards\/","name":"Frameworks & Standards - Banrisul","isPartOf":{"@id":"https:\/\/banrisul.centralesg.com.br\/en\/#website"},"datePublished":"2023-05-23T13:20:48+00:00","dateModified":"2023-08-28T19:52:23+00:00","breadcrumb":{"@id":"http:\/\/banrisul.centralesg.com.br\/en\/frameworks-standards\/#breadcrumb"},"inLanguage":"en-US","potentialAction":[{"@type":"ReadAction","target":["http:\/\/banrisul.centralesg.com.br\/en\/frameworks-standards\/"]}]},{"@type":"BreadcrumbList","@id":"http:\/\/banrisul.centralesg.com.br\/en\/frameworks-standards\/#breadcrumb","itemListElement":[{"@type":"ListItem","position":1,"name":"In\u00edcio","item":"https:\/\/banrisul.centralesg.com.br\/en\/"},{"@type":"ListItem","position":2,"name":"Frameworks &#038; Standards"}]},{"@type":"WebSite","@id":"https:\/\/banrisul.centralesg.com.br\/en\/#website","url":"https:\/\/banrisul.centralesg.com.br\/en\/","name":"Banrisul","description":"Indicator Center","publisher":{"@id":"https:\/\/banrisul.centralesg.com.br\/en\/#organization"},"potentialAction":[{"@type":"SearchAction","target":{"@type":"EntryPoint","urlTemplate":"https:\/\/banrisul.centralesg.com.br\/en\/?s={search_term_string}"},"query-input":{"@type":"PropertyValueSpecification","valueRequired":true,"valueName":"search_term_string"}}],"inLanguage":"en-US"},{"@type":"Organization","@id":"https:\/\/banrisul.centralesg.com.br\/en\/#organization","name":"Banrisul","url":"https:\/\/banrisul.centralesg.com.br\/en\/","logo":{"@type":"ImageObject","inLanguage":"en-US","@id":"https:\/\/banrisul.centralesg.com.br\/en\/#\/schema\/logo\/image\/","url":"http:\/\/banrisul.centralesg.com.br\/wp-content\/uploads\/2023\/08\/banrisul-logotipo-principal.svg","contentUrl":"http:\/\/banrisul.centralesg.com.br\/wp-content\/uploads\/2023\/08\/banrisul-logotipo-principal.svg","width":145,"height":28,"caption":"Banrisul"},"image":{"@id":"https:\/\/banrisul.centralesg.com.br\/en\/#\/schema\/logo\/image\/"}}]}},"_links":{"self":[{"href":"http:\/\/banrisul.centralesg.com.br\/en\/wp-json\/wp\/v2\/pages\/2451","targetHints":{"allow":["GET"]}}],"collection":[{"href":"http:\/\/banrisul.centralesg.com.br\/en\/wp-json\/wp\/v2\/pages"}],"about":[{"href":"http:\/\/banrisul.centralesg.com.br\/en\/wp-json\/wp\/v2\/types\/page"}],"author":[{"embeddable":true,"href":"http:\/\/banrisul.centralesg.com.br\/en\/wp-json\/wp\/v2\/users\/1"}],"replies":[{"embeddable":true,"href":"http:\/\/banrisul.centralesg.com.br\/en\/wp-json\/wp\/v2\/comments?post=2451"}],"version-history":[{"count":1,"href":"http:\/\/banrisul.centralesg.com.br\/en\/wp-json\/wp\/v2\/pages\/2451\/revisions"}],"predecessor-version":[{"id":2524,"href":"http:\/\/banrisul.centralesg.com.br\/en\/wp-json\/wp\/v2\/pages\/2451\/revisions\/2524"}],"wp:attachment":[{"href":"http:\/\/banrisul.centralesg.com.br\/en\/wp-json\/wp\/v2\/media?parent=2451"}],"curies":[{"name":"wp","href":"https:\/\/api.w.org\/{rel}","templated":true}]}}